{"id":115,"date":"2020-06-09T19:01:39","date_gmt":"2020-06-09T19:01:39","guid":{"rendered":"http:\/\/singing-with-joy.de\/?page_id=115"},"modified":"2025-08-20T11:23:36","modified_gmt":"2025-08-20T11:23:36","slug":"kurz-vita-2","status":"publish","type":"page","link":"https:\/\/singing-with-joy.de\/?page_id=115","title":{"rendered":"->KURZ VITA"},"content":{"rendered":"<div class=\"wp-block-image wp-block-image alignleft is-resized\">\n<figure ><img loading=\"lazy\" decoding=\"async\" width=\"600\" height=\"800\" src=\"http:\/\/singing-with-joy.de\/wp-content\/uploads\/2019\/01\/P1170679.jpg\" alt=\"\" class=\"wp-image-44\" style=\"width:354px;height:auto\" srcset=\"https:\/\/singing-with-joy.de\/wp-content\/uploads\/2019\/01\/P1170679.jpg 600w, https:\/\/singing-with-joy.de\/wp-content\/uploads\/2019\/01\/P1170679-225x300.jpg 225w\" sizes=\"auto, (max-width: 600px) 100vw, 600px\" \/><figcaption class=\"wp-element-caption\"> <br> <strong> Stefan Latzel<\/strong><br><strong> Jg 63<\/strong><br><strong> Musiker und Sozialp\u00e4dagoge, <\/strong> <\/figcaption><\/figure>\n<\/div>\n\n\n<p class=\"has-small-font-size\">         <br>Hauptberuflich: Beratung und musikalische Gruppenarbeit<br>         im Rahmen des <a href=\"https:\/\/www.im-muenchen.de\/sozialpsychiatrie\/sozialpsychiatrische-dienste-ebersberg.html\" target=\"_blank\" rel=\"noreferrer noopener\">Sozialpsychiatrischen Dienstes <\/a>Ebersberg  <br><br> seit vielen Jahren begleitet er M\u00e4chenerz\u00e4hlerInnen, <br>         erz\u00e4hlt Klanggeschichten f\u00fcr Kinder und Erwachsene <br>         mit unterschiedlichsten Instrumenten und seiner Stimme.<br><a href=\"http:\/\/www.maerchenring.de\" target=\"_blank\" rel=\"noreferrer noopener\">&nbsp;         www.maerchenring.de<\/a><br><br>         Mit den verschiedenen z.t. improvisierten Kl\u00e4ngen und Rhythmen <br>         Lateinamerikanischer, Afrikanischer u. Orientalischer Ausrichtung, <br>         mit Trommeln, Percussioninstrumenten unterschiedlichster Herk\u00fcnfte, <br>         Fl\u00f6ten und Gesang entsteht ein Raum, in dem die Erz\u00e4hlungen <br>         eine unendliche Weite und Tiefe bekommen. <br><br>         Intensive Ausbildung mit verschiedenen Rhythmuslehrern und an Institutionen wie:<br>         Rhythmikon M\u00fcnchen, Reinhard Flatischer, Tom Ehrlich u.a , <br>         In der Trommel und Trance- Tanzarbeit erlebte und &nbsp;er\u00f6ffneten sich ihm <br>         Zug\u00e4nge f\u00fcr eine universelle Sicht und Haltung von Musik und Bewegung.<br>          <br><br>         Fortbildung in Heilsamen Singen mit Bewegung <br>          bei der Akademie f\u00fcr Singen u Gesundheit . <br>         Wolfgang und Katharina Bossinger <br><a href=\"http:\/\/www.healingsongs.de\/\" target=\"_blank\" rel=\"noreferrer noopener\">&nbsp;         http:\/\/www.healingsongs.de<\/a><br><br>         Zertifizierter Singleiter bei <br>         Singende Krankenh\u00e4user <br><a href=\"http:\/\/www.singende-krankenhaeuser.de\" target=\"_blank\" rel=\"noreferrer noopener\">&nbsp;        www.singende-krankenhaeuser.de<\/a><br><br>         Aufbau von Heilsamen Singgruppen <br>         +49 (0) 8094\/907777 s.latzel (at) gmx.de <\/p>\n\n\n\n<p class=\"has-small-font-size\"><br><\/p>\n\n\n\n<figure class=\"wp-block-image size-large is-resized\"><a href=\"https:\/\/www.singende-krankenhaeuser.de\" target=\"_blank\" rel=\" noreferrer noopener\"><img loading=\"lazy\" decoding=\"async\" width=\"1024\" height=\"722\" src=\"https:\/\/singing-with-joy.de\/wp-content\/uploads\/2020\/06\/logo_Singleiter_Krankenh\u00e4user_hohe_Aufl\u00f6sung-1024x722.jpg\" alt=\"\" class=\"wp-image-124\" style=\"width:377px;height:auto\" srcset=\"https:\/\/singing-with-joy.de\/wp-content\/uploads\/2020\/06\/logo_Singleiter_Krankenh\u00e4user_hohe_Aufl\u00f6sung-1024x722.jpg 1024w, https:\/\/singing-with-joy.de\/wp-content\/uploads\/2020\/06\/logo_Singleiter_Krankenh\u00e4user_hohe_Aufl\u00f6sung-300x211.jpg 300w, https:\/\/singing-with-joy.de\/wp-content\/uploads\/2020\/06\/logo_Singleiter_Krankenh\u00e4user_hohe_Aufl\u00f6sung-768x541.jpg 768w, https:\/\/singing-with-joy.de\/wp-content\/uploads\/2020\/06\/logo_Singleiter_Krankenh\u00e4user_hohe_Aufl\u00f6sung-1536x1083.jpg 1536w, https:\/\/singing-with-joy.de\/wp-content\/uploads\/2020\/06\/logo_Singleiter_Krankenh\u00e4user_hohe_Aufl\u00f6sung-2048x1444.jpg 2048w\" sizes=\"auto, (max-width: 767px) 89vw, (max-width: 1000px) 54vw, (max-width: 1071px) 543px, 580px\" \/><\/a><\/figure>\n\n\n\n<p><\/p>\n","protected":false},"excerpt":{"rendered":"<p>Hauptberuflich: Beratung und musikalische Gruppenarbeit im Rahmen des Sozialpsychiatrischen Dienstes Ebersberg seit vielen Jahren begleitet er M\u00e4chenerz\u00e4hlerInnen, erz\u00e4hlt Klanggeschichten f\u00fcr Kinder und Erwachsene mit unterschiedlichsten Instrumenten und seiner Stimme.&nbsp; www.maerchenring.de Mit den verschiedenen z.t. improvisierten Kl\u00e4ngen und Rhythmen Lateinamerikanischer, Afrikanischer u. Orientalischer Ausrichtung, mit Trommeln, Percussioninstrumenten unterschiedlichster Herk\u00fcnfte, Fl\u00f6ten und Gesang entsteht ein Raum, in &hellip; <\/p>\n<p class=\"link-more\"><a href=\"https:\/\/singing-with-joy.de\/?page_id=115\" class=\"more-link\"><span class=\"screen-reader-text\">\u201e->KURZ VITA\u201c<\/span> weiterlesen<\/a><\/p>\n","protected":false},"author":1,"featured_media":0,"parent":0,"menu_order":0,"comment_status":"closed","ping_status":"closed","template":"","meta":{"footnotes":""},"class_list":["post-115","page","type-page","status-publish","hentry"],"_links":{"self":[{"href":"https:\/\/singing-with-joy.de\/index.php?rest_route=\/wp\/v2\/pages\/115","targetHints":{"allow":["GET"]}}],"collection":[{"href":"https:\/\/singing-with-joy.de\/index.php?rest_route=\/wp\/v2\/pages"}],"about":[{"href":"https:\/\/singing-with-joy.de\/index.php?rest_route=\/wp\/v2\/types\/page"}],"author":[{"embeddable":true,"href":"https:\/\/singing-with-joy.de\/index.php?rest_route=\/wp\/v2\/users\/1"}],"replies":[{"embeddable":true,"href":"https:\/\/singing-with-joy.de\/index.php?rest_route=%2Fwp%2Fv2%2Fcomments&post=115"}],"version-history":[{"count":8,"href":"https:\/\/singing-with-joy.de\/index.php?rest_route=\/wp\/v2\/pages\/115\/revisions"}],"predecessor-version":[{"id":288,"href":"https:\/\/singing-with-joy.de\/index.php?rest_route=\/wp\/v2\/pages\/115\/revisions\/288"}],"wp:attachment":[{"href":"https:\/\/singing-with-joy.de\/index.php?rest_route=%2Fwp%2Fv2%2Fmedia&parent=115"}],"curies":[{"name":"wp","href":"https:\/\/api.w.org\/{rel}","templated":true}]}}