{"id":76,"date":"2019-02-05T16:33:22","date_gmt":"2019-02-05T16:33:22","guid":{"rendered":"http:\/\/singing-with-joy.de\/?page_id=76"},"modified":"2026-04-01T15:04:34","modified_gmt":"2026-04-01T15:04:34","slug":"musikprojekte","status":"publish","type":"page","link":"https:\/\/singing-with-joy.de\/?page_id=76","title":{"rendered":"Musikprojekte"},"content":{"rendered":"\n<h2 class=\"wp-block-heading has-medium-font-size\"><strong>Klangreisen, Atemreisen \/ Breathwork, Trancereisen, <\/strong><br><strong>Musik und Bewegungsangebote<br>Flu\u00dfsingen  &#8211; Singprojekt im Deutschsprachigen Raum<\/strong><\/h2>\n\n\n\n<p>Termine siehe unten<\/p>\n\n\n\n<h2 class=\"wp-block-heading\"><strong>Tanzperformance mit Live Musik<\/strong><\/h2>\n\n\n\n<figure class=\"wp-block-image size-large\"><img loading=\"lazy\" decoding=\"async\" width=\"1024\" height=\"473\" src=\"https:\/\/singing-with-joy.de\/wp-content\/uploads\/2026\/04\/Flyer-Saba-Dance-Projekt-1024x473.jpg\" alt=\"Saba Magic Dance\" class=\"wp-image-296\" srcset=\"https:\/\/singing-with-joy.de\/wp-content\/uploads\/2026\/04\/Flyer-Saba-Dance-Projekt-1024x473.jpg 1024w, https:\/\/singing-with-joy.de\/wp-content\/uploads\/2026\/04\/Flyer-Saba-Dance-Projekt-300x139.jpg 300w, https:\/\/singing-with-joy.de\/wp-content\/uploads\/2026\/04\/Flyer-Saba-Dance-Projekt-768x355.jpg 768w, https:\/\/singing-with-joy.de\/wp-content\/uploads\/2026\/04\/Flyer-Saba-Dance-Projekt-1536x710.jpg 1536w, https:\/\/singing-with-joy.de\/wp-content\/uploads\/2026\/04\/Flyer-Saba-Dance-Projekt-2048x946.jpg 2048w\" sizes=\"auto, (max-width: 767px) 89vw, (max-width: 1000px) 54vw, (max-width: 1071px) 543px, 580px\" \/><\/figure>\n\n\n\n<p><\/p>\n\n\n\n<p class=\"has-large-font-size\">Trommeln und Singen<\/p>\n\n\n\n<figure class=\"wp-block-image size-large is-resized\"><img loading=\"lazy\" decoding=\"async\" width=\"1024\" height=\"872\" src=\"https:\/\/singing-with-joy.de\/wp-content\/uploads\/2025\/10\/DSC_0582-1024x872.jpg\" alt=\"\" class=\"wp-image-291\" style=\"width:372px;height:auto\" srcset=\"https:\/\/singing-with-joy.de\/wp-content\/uploads\/2025\/10\/DSC_0582-1024x872.jpg 1024w, https:\/\/singing-with-joy.de\/wp-content\/uploads\/2025\/10\/DSC_0582-300x256.jpg 300w, https:\/\/singing-with-joy.de\/wp-content\/uploads\/2025\/10\/DSC_0582-768x654.jpg 768w, https:\/\/singing-with-joy.de\/wp-content\/uploads\/2025\/10\/DSC_0582-1536x1308.jpg 1536w, https:\/\/singing-with-joy.de\/wp-content\/uploads\/2025\/10\/DSC_0582.jpg 2004w\" sizes=\"auto, (max-width: 767px) 89vw, (max-width: 1000px) 54vw, (max-width: 1071px) 543px, 580px\" \/><\/figure>\n\n\n\n<p><strong>Trommeln und Singen<\/strong><br>&#x1f3b6;&#x2600;&#xfe0f;&#x1f3b6;&#x2600;&#xfe0f;&#x1f3b6;&#x2600;&#xfe0f;&#x1f3b6;&#x2600;&#xfe0f;&#x1f3b6;<br><strong>Ein Kompaktkurs * 3 Abende<br>Aktuelle Termine kommen<\/strong><br>Wir verbinden die Freude an Trommeln und Singen mit unserem ganzheitlichem Ansatz. Spielerisch wird die Stimme verbunden mit Rhythmuserfahrung und auch Improvisation. F\u00fcr Anf\u00e4nger und auch Fortgeschrittene geeignet. Zum Einsatz kommt die afrik. Djembe. Eine kleine Session mit Pianobegleitung bildet den H\u00f6hepunkt.\u00a0<br>Uhrzeit: 19-21Uhr. (bitte etwas fr\u00fcher da sein)\u00a0<br><strong>Wo: Junkerstr. 25, M\u00fc-Laim<\/strong>,<br>Eingang Musikstudio.\u00a0<br>Wertsch\u00e4tzung n. Selbsteinsch\u00e4tzung f\u00fcr die 3 Termine 60-90\u20ac (Djemben werden gestellt)<br>Wir bitten um verbindliche Anmeldung.<br>(Bei kurzfristiger Absage f\u00fcr den gesamten Kurs 20\u20ac Aufwandsentsch\u00e4digung)<br>Anmeldung per email an: s.latzel@<a href=\"http:\/\/gmx.de\">gmx.de<\/a><br>Gru\u00df Stefan und Anna<br><a href=\"http:\/\/www.Singing-with-joy.de\">www.Singing-with-joy.de<\/a>;\u00a0<a href=\"http:\/\/www.Gutstein.org\">www.Gutstein.org<\/a><\/p>\n\n\n\n<h2 class=\"wp-block-heading has-large-font-size\"><strong>Klangreise<\/strong><\/h2>\n\n\n\n<p class=\"has-text-align-center has-medium-font-size\"><strong>1x Monatlich<\/strong> im Klangraum &#8211; <strong>Musikschule Gutstein<\/strong> J<strong>unkerstr. 25 &#8211; 80689 M\u00fcnchen<\/strong> (Laim) Anmeldung: anna@gutstein.org<br>Aktuelle Termine anfragen:  um 19.00Uhr<\/p>\n\n\n<div class=\"wp-block-image\">\n<figure class=\"aligncenter size-large is-resized\"><img loading=\"lazy\" decoding=\"async\" width=\"576\" height=\"1024\" src=\"https:\/\/singing-with-joy.de\/wp-content\/uploads\/2025\/06\/DSC_0713-02-576x1024.jpeg\" alt=\"\" class=\"wp-image-270\" style=\"width:657px;height:auto\" srcset=\"https:\/\/singing-with-joy.de\/wp-content\/uploads\/2025\/06\/DSC_0713-02-576x1024.jpeg 576w, https:\/\/singing-with-joy.de\/wp-content\/uploads\/2025\/06\/DSC_0713-02-169x300.jpeg 169w, https:\/\/singing-with-joy.de\/wp-content\/uploads\/2025\/06\/DSC_0713-02-768x1365.jpeg 768w, https:\/\/singing-with-joy.de\/wp-content\/uploads\/2025\/06\/DSC_0713-02-864x1536.jpeg 864w, https:\/\/singing-with-joy.de\/wp-content\/uploads\/2025\/06\/DSC_0713-02-1152x2048.jpeg 1152w, https:\/\/singing-with-joy.de\/wp-content\/uploads\/2025\/06\/DSC_0713-02-scaled.jpeg 1440w\" sizes=\"auto, (max-width: 576px) 100vw, 576px\" \/><\/figure>\n<\/div>\n\n\n<h3 class=\"wp-block-heading has-medium-font-size\"><strong>Klanggeschichten<\/strong> <br>findet j\u00e4hrlich im Rahmen des M\u00e4rchenfest im Schloss Pertenstein statt siehe <a href=\"https:\/\/singing-with-joy.de\/?page_id=144\" data-type=\"page\" data-id=\"144\">J\u00e4hrlicher Termin<\/a><\/h3>\n\n\n\n<figure class=\"wp-block-image size-large is-resized is-style-default\"><img loading=\"lazy\" decoding=\"async\" width=\"1024\" height=\"576\" src=\"https:\/\/singing-with-joy.de\/wp-content\/uploads\/2021\/11\/DSC_2669-1024x576.jpg\" alt=\"\" class=\"wp-image-132\" srcset=\"https:\/\/singing-with-joy.de\/wp-content\/uploads\/2021\/11\/DSC_2669-1024x576.jpg 1024w, https:\/\/singing-with-joy.de\/wp-content\/uploads\/2021\/11\/DSC_2669-300x169.jpg 300w, https:\/\/singing-with-joy.de\/wp-content\/uploads\/2021\/11\/DSC_2669-768x432.jpg 768w, https:\/\/singing-with-joy.de\/wp-content\/uploads\/2021\/11\/DSC_2669-1536x864.jpg 1536w, https:\/\/singing-with-joy.de\/wp-content\/uploads\/2021\/11\/DSC_2669-2048x1152.jpg 2048w\" sizes=\"auto, (max-width: 767px) 89vw, (max-width: 1000px) 54vw, (max-width: 1071px) 543px, 580px\" \/><figcaption class=\"wp-element-caption\">Photo: Stefan Latzel in Schloss Pertenstein bei Traunreut<br><br><strong>Klanggeschichten &#8211; Eine kreative, fantasievolle Reise mit Kl\u00e4ngen<\/strong> &#8211; Die Teilnehmer (Kinder und \/ oder Erwachsene) assozieren zu Kl\u00e4ngen verschiedener Instrumente Inhalte, Geschehnisse, Ereignisse f\u00fcr eine frei erfundene Geschichte. Diese Geschichten- Schnipsel werden dann zu einer Geschichte geformt. Dabei kann jede\/r Teilnehmer den zugeh\u00f6rigen Klang an der passenden Stelle  mit einbringen. So ensteht eine buntes Potpurri von erz\u00e4hlten Bildern begleitet von  Kl\u00e4ngen, Ger\u00e4uschen und letzlich auch gemeinsames Musizieren. Schon kleinere Kinder k\u00f6nnen sich so in einer Gruppe zusammen auf unterschiedlichsten Instrumenten einbringen und ihre Fantasie freien Lauf lassen. <\/figcaption><\/figure>\n\n\n<div class=\"wp-block-image is-resized\">\n<figure class=\"aligncenter size-large\"><img loading=\"lazy\" decoding=\"async\" width=\"720\" height=\"720\" src=\"https:\/\/singing-with-joy.de\/wp-content\/uploads\/2022\/06\/Klanggeschichten-Pertenstein-2022.gif\" alt=\"\" class=\"wp-image-138\"\/><figcaption class=\"wp-element-caption\">Klanggeschichten Auff\u00fchrung Schloss Pertenstein bei Traunreut 05\/2022<\/figcaption><\/figure>\n<\/div>\n\n\n<figure class=\"wp-block-audio\"><audio controls src=\"https:\/\/singing-with-joy.de\/wp-content\/uploads\/2021\/11\/Klanggeschichten-Ausschnitt-von-einer-Feier-mit-Erw-u-Kindern.mp3\"><\/audio><figcaption class=\"wp-element-caption\"><strong>Klanggeschichten &#8211; Mitschnitt<\/strong> von einer Feier mit Erwachsenen und Kindern<br><br><br><\/figcaption><\/figure>\n\n\n\n<p><\/p>\n\n\n\n<p>____________________________________________________________________________<\/p>\n\n\n<div class=\"wp-block-image\">\n<figure class=\"aligncenter size-large\"><img loading=\"lazy\" decoding=\"async\" width=\"724\" height=\"1024\" src=\"https:\/\/singing-with-joy.de\/wp-content\/uploads\/2024\/03\/FlussSingen-Blanko-Logos-724x1024.jpg\" alt=\"\" class=\"wp-image-226\" srcset=\"https:\/\/singing-with-joy.de\/wp-content\/uploads\/2024\/03\/FlussSingen-Blanko-Logos-724x1024.jpg 724w, https:\/\/singing-with-joy.de\/wp-content\/uploads\/2024\/03\/FlussSingen-Blanko-Logos-212x300.jpg 212w, https:\/\/singing-with-joy.de\/wp-content\/uploads\/2024\/03\/FlussSingen-Blanko-Logos-768x1087.jpg 768w, https:\/\/singing-with-joy.de\/wp-content\/uploads\/2024\/03\/FlussSingen-Blanko-Logos.jpg 841w\" sizes=\"auto, (max-width: 724px) 100vw, 724px\" \/><\/figure>\n<\/div>\n\n\n<h2 class=\"wp-block-heading has-medium-font-size\"><strong>Flu\u00df-Singen im Deutschsprachigen Raum (Link auf externe Seite)<\/strong><br><a href=\"https:\/\/singingplanet.org\/karte-mit-flusssingorten\/\">https:\/\/singingplanet.org\/karte-mit-flusssingorten\/<\/a><br><\/h2>\n\n\n\n<h2 class=\"wp-block-heading has-medium-font-size\"><strong>Atemreise \/ Breathwork mit Live-Musik<\/strong> in M\u00fcnchen oder Prien (s.u.) <\/h2>\n\n\n\n<figure class=\"wp-block-image size-large\"><img loading=\"lazy\" decoding=\"async\" width=\"1024\" height=\"512\" src=\"https:\/\/singing-with-joy.de\/wp-content\/uploads\/2023\/10\/Breathwork-1024x512.jpg\" alt=\"\" class=\"wp-image-154\" srcset=\"https:\/\/singing-with-joy.de\/wp-content\/uploads\/2023\/10\/Breathwork-1024x512.jpg 1024w, https:\/\/singing-with-joy.de\/wp-content\/uploads\/2023\/10\/Breathwork-300x150.jpg 300w, https:\/\/singing-with-joy.de\/wp-content\/uploads\/2023\/10\/Breathwork-768x384.jpg 768w, https:\/\/singing-with-joy.de\/wp-content\/uploads\/2023\/10\/Breathwork.jpg 1039w\" sizes=\"auto, (max-width: 767px) 89vw, (max-width: 1000px) 54vw, (max-width: 1071px) 543px, 580px\" \/><\/figure>\n\n\n\n<p class=\"has-vivid-red-color has-text-color\"><\/p>\n\n\n\n<p>Wir lauschen nach Innen und bereiten einen Raum der Zuversicht in unserem Herzen,<br>verbinden uns mit den Qualit\u00e4ten Kraft und Hingabe und lassen Transformation<br>geschehen.<br>Intuitive Live- Musik (Fl\u00f6te, Trommel, Stimme, Handpan) begleitet uns dabei. Der<br>verbundene Atem &#8211; Eine vertiefte Ein- und Ausatmung ohne Atempause &#8211; f\u00fchrt uns<br>in ein Herzbewusstsein jenseits des Verstandes.<br><strong>Wann<\/strong>: Bitte Termine direkt bei Cornelia Schr\u00f6der anfragen. <br><strong>Wo<\/strong>: KULTURRAUM Prien e.V., Ernsdorfer Str. 2, 83209 Prien am Chiemsee<br><a href=\"https:\/\/www.kulturraum-prien.de\/\">https:\/\/www.kulturraum-prien.de\/<\/a><br><strong>Wertsch\u00e4tzung<\/strong>: \u20ac 30,00 Mitglieder \u20ac 25,00<br>Bitte melde dich an, Cornelia 0173-3527516 oder <a href=\"cschroeder301@gmail.com\">cschroeder301@gmail.com<\/a><br><strong>Cornelia Schr\u00f6der<\/strong>, psychologische Beraterin, systemischer Coach, Herzraumforscherin, Breathwork, Instructor, Meditationslehrerin, Qi Gong Kursleiterin, geerdete spirituelle Begleiterin\u2026..<br><strong>Stefan Latzel<\/strong>, Sozialp\u00e4dagoge und Musiker, Singleiter, Seminare mit Trance- Trommel- und<br>Klangreisen, Entspannungscoach<\/p>\n\n\n\n<p><\/p>\n\n\n\n<p>&#8212;&#8212;&#8212;&#8212;&#8212;&#8212;&#8212;&#8212;&#8212;&#8212;&#8212;&#8212;&#8212;&#8212;&#8212;&#8212;&#8212;&#8212;&#8212;&#8212;&#8212;&#8212;&#8212;&#8212;&#8211;<\/p>\n\n\n\n<p><strong>Im Feuer der Liebe &#8211; AL-BATIN<\/strong><\/p>\n\n\n<div class=\"wp-block-image\">\n<figure class=\"alignleft is-resized\"><img loading=\"lazy\" decoding=\"async\" width=\"272\" height=\"320\" src=\"http:\/\/singing-with-joy.de\/wp-content\/uploads\/2019\/02\/Feuer-der-Liebe-Plakat.jpg\" alt=\"\" class=\"wp-image-77\" style=\"width:627px;height:auto\" srcset=\"https:\/\/singing-with-joy.de\/wp-content\/uploads\/2019\/02\/Feuer-der-Liebe-Plakat.jpg 272w, https:\/\/singing-with-joy.de\/wp-content\/uploads\/2019\/02\/Feuer-der-Liebe-Plakat-255x300.jpg 255w\" sizes=\"auto, (max-width: 272px) 100vw, 272px\" \/><figcaption class=\"wp-element-caption\"><strong>Im Feuer der Liebe<\/strong> &#8211; Ein Zyklus der Suche nach Sich &#8211; Selbst <br>mit Gedichten und Texten gro\u00dfer SUFI Meister<br><\/figcaption><\/figure>\n<\/div>\n\n\n<p>Taglaching &#8211; Auftritt Feuer der Liebe 2011 06 &#8211; <br>Ein Einblick<\/p>\n\n\n\n<p> <a href=\"https:\/\/youtu.be\/DUOjmHrPO44\">https:\/\/youtu.be\/DUOjmHrPO<\/a> <br> <a href=\"https:\/\/youtu.be\/xLlLTIXR8y4\">https:\/\/youtu.be\/xLlLTIXR8y4<\/a><\/p>\n\n\n\n<p>&#8212;&#8212;&#8212;&#8212;&#8212;&#8212;&#8212;&#8212;&#8212;&#8212;&#8212;&#8212;&#8212;&#8212;&#8212;&#8212;&#8212;&#8212;&#8212;&#8212;&#8212;&#8212;&#8212;&#8212;&#8212;&#8211;<\/p>\n\n\n\n<h3 class=\"wp-block-heading\"><strong>Al Ba-tin<\/strong> &#8211; Nachtfeuergeschichten<\/h3>\n\n\n<div class=\"wp-block-image\">\n<figure class=\"aligncenter is-resized\"><img loading=\"lazy\" decoding=\"async\" width=\"349\" height=\"480\" src=\"http:\/\/singing-with-joy.de\/wp-content\/uploads\/2019\/02\/Al-Batin-Plakat.jpg\" alt=\"\" class=\"wp-image-78\" style=\"width:673px;height:auto\" srcset=\"https:\/\/singing-with-joy.de\/wp-content\/uploads\/2019\/02\/Al-Batin-Plakat.jpg 349w, https:\/\/singing-with-joy.de\/wp-content\/uploads\/2019\/02\/Al-Batin-Plakat-218x300.jpg 218w\" sizes=\"auto, (max-width: 349px) 100vw, 349px\" \/><figcaption class=\"wp-element-caption\"><strong>Al Ba-tin<\/strong> &#8211; Ein Erz\u00e4hl und Musikprojekt mit Geschichten frei nach Kamphoevener<\/figcaption><\/figure>\n<\/div>\n\n\n<p>Al Batin &#8211; Auftritt 2013 &#8211; Prien: <br>Ein kleiner Einblick: <a href=\"https:\/\/youtu.be\/LmTPl40cXvM\">https:\/\/youtu.be\/LmTPl40cXvM<\/a><\/p>\n\n\n\n<p><\/p>\n","protected":false},"excerpt":{"rendered":"<p>Klangreisen, Atemreisen \/ Breathwork, Trancereisen, Musik und BewegungsangeboteFlu\u00dfsingen &#8211; Singprojekt im Deutschsprachigen Raum Termine siehe unten Tanzperformance mit Live Musik Trommeln und Singen Trommeln und Singen&#x1f3b6;&#x2600;&#xfe0f;&#x1f3b6;&#x2600;&#xfe0f;&#x1f3b6;&#x2600;&#xfe0f;&#x1f3b6;&#x2600;&#xfe0f;&#x1f3b6;Ein Kompaktkurs * 3 AbendeAktuelle Termine kommenWir verbinden die Freude an Trommeln und Singen mit unserem ganzheitlichem Ansatz. Spielerisch wird die Stimme verbunden mit Rhythmuserfahrung und auch Improvisation. F\u00fcr Anf\u00e4nger &hellip; <\/p>\n<p class=\"link-more\"><a href=\"https:\/\/singing-with-joy.de\/?page_id=76\" class=\"more-link\"><span class=\"screen-reader-text\">\u201eMusikprojekte\u201c<\/span> weiterlesen<\/a><\/p>\n","protected":false},"author":1,"featured_media":0,"parent":0,"menu_order":0,"comment_status":"closed","ping_status":"closed","template":"","meta":{"footnotes":""},"class_list":["post-76","page","type-page","status-publish","hentry"],"_links":{"self":[{"href":"https:\/\/singing-with-joy.de\/index.php?rest_route=\/wp\/v2\/pages\/76","targetHints":{"allow":["GET"]}}],"collection":[{"href":"https:\/\/singing-with-joy.de\/index.php?rest_route=\/wp\/v2\/pages"}],"about":[{"href":"https:\/\/singing-with-joy.de\/index.php?rest_route=\/wp\/v2\/types\/page"}],"author":[{"embeddable":true,"href":"https:\/\/singing-with-joy.de\/index.php?rest_route=\/wp\/v2\/users\/1"}],"replies":[{"embeddable":true,"href":"https:\/\/singing-with-joy.de\/index.php?rest_route=%2Fwp%2Fv2%2Fcomments&post=76"}],"version-history":[{"count":49,"href":"https:\/\/singing-with-joy.de\/index.php?rest_route=\/wp\/v2\/pages\/76\/revisions"}],"predecessor-version":[{"id":298,"href":"https:\/\/singing-with-joy.de\/index.php?rest_route=\/wp\/v2\/pages\/76\/revisions\/298"}],"wp:attachment":[{"href":"https:\/\/singing-with-joy.de\/index.php?rest_route=%2Fwp%2Fv2%2Fmedia&parent=76"}],"curies":[{"name":"wp","href":"https:\/\/api.w.org\/{rel}","templated":true}]}}